{"id":309,"date":"2024-04-05T21:30:25","date_gmt":"2024-04-05T19:30:25","guid":{"rendered":"http:\/\/192.168.1.205:8080\/?page_id=309"},"modified":"2025-09-29T16:01:23","modified_gmt":"2025-09-29T20:01:23","slug":"declaracion-de-la-mision-vision-valores-y-principios-de-la-entidad","status":"publish","type":"page","link":"https:\/\/ssuoruro.gob.bo\/index.php\/declaracion-de-la-mision-vision-valores-y-principios-de-la-entidad\/","title":{"rendered":"Misi\u00f3n, Visi\u00f3n, Valores y Principios de la Entidad"},"content":{"rendered":"\n<p><\/p>\n\n\n\n<h2 class=\"wp-block-heading\">Misi\u00f3n<\/h2>\n\n\n\n<p class=\"has-text-align-left\">El Seguro Social Universitario de Oruro es un ente gestor de salud delegado que brinda prestaciones en enfermedad, maternidad y riesgos profesionales a corto plazo, enmarcado en el C\u00f3digo de Seguridad Social en beneficio de la comunidad universitaria asegurada y la demanda espont\u00e1nea de la sociedad en general a trav\u00e9s de la promoci\u00f3n, prevenci\u00f3n, detecci\u00f3n, tratamiento y rehabilitaci\u00f3n.<\/p>\n\n\n\n<p><\/p>\n\n\n\n<h2 class=\"wp-block-heading\">Visi\u00f3n<\/h2>\n\n\n\n<p>Ser una entidad gestora de salud de segundo nivel acreditada, donde el asegurado y sus beneficiarios reciban una atenci\u00f3n oportuna con calidad y calidez, en sujeci\u00f3n a lo establecido en el C\u00f3digo de Seguridad Social, contando con Recursos Humanos id\u00f3neos que posean altos valores \u00e9ticos y compromiso institucional, infraestructura adecuada y con tecnolog\u00eda moderna.<\/p>\n\n\n\n<p><\/p>\n\n\n\n<h2 class=\"wp-block-heading\">Valores:<\/h2>\n\n\n\n<p>Los valores institucionales son elementos que reflejan la cultura y la organizacion del Seguro Social Universitario. Eso Influye la forma en la que el personal se inter-relaciona, trabaja, discute, colabora y cumple las normas entre otros aspectos, dentro del ambiente laboral.<\/p>\n\n\n\n<ul class=\"wp-block-list\">\n<li><strong>a. Universidad:<\/strong>\u00a0las acciones del S.S.U. deben llegar a toda la poblacion asegurada y beneficiaria, sin ningun tipo de discriminacion.<\/li>\n\n\n\n<li><strong>b. Excelencia:<\/strong>\u00a0B\u00fasqueda de la m\u00e1s alta calidad en el desempe\u00f1o de la tarea administrativa, t\u00e9cnica y de investigaci\u00f3n para el beneficio de todas las boolivianas y bolivianos.<\/li>\n\n\n\n<li><strong>c. Integridad en el ejercicio de la tarea:<\/strong>\u00a0Garantia de un desempe\u00f1o transparente, responsable y apegado a las normas.<\/li>\n\n\n\n<li><strong>d. Interculturalidad:<\/strong>\u00a0 Reconocimiento de la dignidad y diversidad de los individuos que conforman el estado plurinacional boliviano.<\/li>\n\n\n\n<li><strong>e. Equidad social:<\/strong>\u00a0comportamiento imparcial y justo opara eliminar las diferencias, tanto dentro del ambiente interno como externo.<\/li>\n\n\n\n<li><strong>f. Solidaridad:\u00a0<\/strong>Identificaci\u00f3n de intereses comunes y promoci\u00f3n de responsabilidades que tiendan a optimizar los recursos para alcanzar el ideal de vivir bien.<\/li>\n\n\n\n<li><strong>g. Aprendizaje permanente:<\/strong>\u00a0 generador de conocimiento en base a la investigacion y interpretacion de sistemas de monitoreo y evaluacion para el mejoramiento continuo.<\/li>\n\n\n\n<li><strong>h. Trabajo en equipo:<\/strong>\u00a0valoracion del trabajo conjunto entre el personal del SSU, para logra los objetivos planeados.<\/li>\n\n\n\n<li><strong>i. Transparencia:<\/strong>\u00a0compromiso de una gestion abierta al control social con rendicion de cuentas y que contemple mecanismos de prevencion y punicion de actos de corrupci\u00f3n.<\/li>\n\n\n\n<li><strong>j. Etica:<\/strong>\u00a0Asegurar una conducta moral, que no solamente concierne la prestacion de atenci\u00f3n en los servicios, pero tambien la formulacion de las politicas y normas.<\/li>\n<\/ul>\n\n\n\n<p><\/p>\n\n\n\n<h2 class=\"wp-block-heading\">Principios:<\/h2>\n\n\n\n<p>Los pricipios estrat\u00e9gicos que rigen el accionar institucional son los siguientes:<\/p>\n\n\n\n<ul class=\"wp-block-list\">\n<li>\u00a0 \u00a0 \u00a0\u00a0<strong>OEI 1:\u00a0<\/strong>Gestionar prestaciones de servicios en salud a corto plazo.<\/li>\n\n\n\n<li><strong>\u00a0 \u00a0 \u00a0 OEI 2<\/strong>: Gestionar la Infraestructura y Equipamiento acorde a las necesidades institucionales.<\/li>\n<\/ul>\n\n\n\n<p><\/p>\n","protected":false},"excerpt":{"rendered":"<p>Misi\u00f3n El Seguro Social Universitario de Oruro es un ente gestor de salud delegado que brinda prestaciones en enfermedad, maternidad y riesgos profesionales a corto plazo, enmarcado en el C\u00f3digo de Seguridad Social en beneficio de la comunidad universitaria asegurada y la demanda espont\u00e1nea de la sociedad en general a trav\u00e9s de la promoci\u00f3n, prevenci\u00f3n, [&hellip;]<\/p>\n","protected":false},"author":1,"featured_media":0,"parent":0,"menu_order":0,"comment_status":"closed","ping_status":"closed","template":"","meta":{"_acf_changed":false,"footnotes":""},"class_list":["post-309","page","type-page","status-publish","hentry"],"acf":[],"_links":{"self":[{"href":"https:\/\/ssuoruro.gob.bo\/index.php\/wp-json\/wp\/v2\/pages\/309","targetHints":{"allow":["GET"]}}],"collection":[{"href":"https:\/\/ssuoruro.gob.bo\/index.php\/wp-json\/wp\/v2\/pages"}],"about":[{"href":"https:\/\/ssuoruro.gob.bo\/index.php\/wp-json\/wp\/v2\/types\/page"}],"author":[{"embeddable":true,"href":"https:\/\/ssuoruro.gob.bo\/index.php\/wp-json\/wp\/v2\/users\/1"}],"replies":[{"embeddable":true,"href":"https:\/\/ssuoruro.gob.bo\/index.php\/wp-json\/wp\/v2\/comments?post=309"}],"version-history":[{"count":18,"href":"https:\/\/ssuoruro.gob.bo\/index.php\/wp-json\/wp\/v2\/pages\/309\/revisions"}],"predecessor-version":[{"id":17606,"href":"https:\/\/ssuoruro.gob.bo\/index.php\/wp-json\/wp\/v2\/pages\/309\/revisions\/17606"}],"wp:attachment":[{"href":"https:\/\/ssuoruro.gob.bo\/index.php\/wp-json\/wp\/v2\/media?parent=309"}],"curies":[{"name":"wp","href":"https:\/\/api.w.org\/{rel}","templated":true}]}}