{"id":321,"date":"2024-04-05T21:30:47","date_gmt":"2024-04-05T19:30:47","guid":{"rendered":"http:\/\/192.168.1.205:8080\/?page_id=321"},"modified":"2025-09-29T16:13:18","modified_gmt":"2025-09-29T20:13:18","slug":"breve-historia-o-resena-sobre-la-creacion-y-evolucion-de-la-entidad","status":"publish","type":"page","link":"https:\/\/ssuoruro.gob.bo\/index.php\/breve-historia-o-resena-sobre-la-creacion-y-evolucion-de-la-entidad\/","title":{"rendered":"Rese\u00f1a Hist\u00f3rica S.S.U.O"},"content":{"rendered":"\n<p><\/p>\n\n\n<div class=\"wp-block-image\">\n<figure class=\"aligncenter size-large is-resized\"><img loading=\"lazy\" decoding=\"async\" width=\"1024\" height=\"768\" src=\"https:\/\/ssuoruro.gob.bo\/wp-content\/uploads\/2025\/09\/resenahistorica-1024x768.jpg\" alt=\"\" class=\"wp-image-17608\" style=\"width:499px;height:auto\" srcset=\"https:\/\/ssuoruro.gob.bo\/wp-content\/uploads\/2025\/09\/resenahistorica-1024x768.jpg 1024w, https:\/\/ssuoruro.gob.bo\/wp-content\/uploads\/2025\/09\/resenahistorica-300x225.jpg 300w, https:\/\/ssuoruro.gob.bo\/wp-content\/uploads\/2025\/09\/resenahistorica-768x576.jpg 768w, https:\/\/ssuoruro.gob.bo\/wp-content\/uploads\/2025\/09\/resenahistorica-1536x1152.jpg 1536w, https:\/\/ssuoruro.gob.bo\/wp-content\/uploads\/2025\/09\/resenahistorica-2048x1536.jpg 2048w\" sizes=\"auto, (max-width: 1024px) 100vw, 1024px\" \/><\/figure>\n<\/div>\n\n\n<p><\/p>\n\n\n\n<p class=\"has-medium-font-size\">El Seguro Social Universitario creado mediante D.S. N\u00ba 13044 de 7 noviembre de 1975, es una Instituci\u00f3n de servicio social, de derecho p\u00fablico con personer\u00eda p\u00fablica, patrimonio propio, y autonom\u00eda de gesti\u00f3n t\u00e9cnica \u2013 financiera y administrativa, que funciona como ente gestor de la seguridad social de corto plazo del Sistema Nacional de Salud a favor del personal docente, administrativo y jubilados de la Universidad T\u00e9cnica de Oruro, adem\u00e1s del personal m\u00e9dico, administrativo y jubilados del Seguro Social Universitario y otras instituciones afiliadas.<\/p>\n\n\n\n<p>En el marco del Articulo 316 de la Constituci\u00f3n Pol\u00edtica del Estado. La funci\u00f3n del Estado en la econom\u00eda consiste en conducir el proceso de planificaci\u00f3n econ\u00f3mica social, con participaci\u00f3n y consulta ciudadana. La Ley establecer\u00e1 un sistema de planificaci\u00f3n integral estatal, que incorporara a todas las entidades territoriales.<\/p>\n\n\n\n<p>Es as\u00ed que el Seguro Social Universitario de Oruro en el marco de los lineamientos metodol\u00f3gicos para la formulaci\u00f3n de planes estrat\u00e9gicos Institucionales, formula conforme lo preceptuado por la Ley N\u00b0 777 del Sistema de Planificaci\u00f3n Integral del Estado (SPIE), constituy\u00e9ndose en un instrumento orientador, regulador y metodol\u00f3gico de nuestra Entidad a efecto de llevar adelante un proceso de planificaci\u00f3n Institucional en el marco de nuestras propias competencias.<\/p>\n\n\n\n<p>Estos lineamientos metodol\u00f3gicos establecen y definen la estructura, caracter\u00edstica y contenido de la realidad institucional misma que han sido elaborados de forma articulada, simult\u00e1nea y compatible con los planes de Salud y plan del Ministerio de Salud.<\/p>\n\n\n\n<p class=\"has-medium-font-size\">As\u00ed mismo cabe mencionar que el Plan Estrat\u00e9gico del Seguro Social Universitario de Oruro contempla lineamientos estructurales respecto de los Recursos Humanos, Recursos Econ\u00f3micos y Financieros, Equipamiento Tecnol\u00f3gico e Infraestructura orientados al cumplimiento de objetivos contemplados en el Plan Estrat\u00e9gico Institucional.<\/p>\n\n\n\n<p><\/p>\n","protected":false},"excerpt":{"rendered":"<p>El Seguro Social Universitario creado mediante D.S. N\u00ba 13044 de 7 noviembre de 1975, es una Instituci\u00f3n de servicio social, de derecho p\u00fablico con personer\u00eda p\u00fablica, patrimonio propio, y autonom\u00eda de gesti\u00f3n t\u00e9cnica \u2013 financiera y administrativa, que funciona como ente gestor de la seguridad social de corto plazo del Sistema Nacional de Salud a [&hellip;]<\/p>\n","protected":false},"author":1,"featured_media":16967,"parent":0,"menu_order":0,"comment_status":"closed","ping_status":"closed","template":"","meta":{"_acf_changed":false,"footnotes":""},"class_list":["post-321","page","type-page","status-publish","has-post-thumbnail","hentry"],"acf":[],"_links":{"self":[{"href":"https:\/\/ssuoruro.gob.bo\/index.php\/wp-json\/wp\/v2\/pages\/321","targetHints":{"allow":["GET"]}}],"collection":[{"href":"https:\/\/ssuoruro.gob.bo\/index.php\/wp-json\/wp\/v2\/pages"}],"about":[{"href":"https:\/\/ssuoruro.gob.bo\/index.php\/wp-json\/wp\/v2\/types\/page"}],"author":[{"embeddable":true,"href":"https:\/\/ssuoruro.gob.bo\/index.php\/wp-json\/wp\/v2\/users\/1"}],"replies":[{"embeddable":true,"href":"https:\/\/ssuoruro.gob.bo\/index.php\/wp-json\/wp\/v2\/comments?post=321"}],"version-history":[{"count":20,"href":"https:\/\/ssuoruro.gob.bo\/index.php\/wp-json\/wp\/v2\/pages\/321\/revisions"}],"predecessor-version":[{"id":17610,"href":"https:\/\/ssuoruro.gob.bo\/index.php\/wp-json\/wp\/v2\/pages\/321\/revisions\/17610"}],"wp:featuredmedia":[{"embeddable":true,"href":"https:\/\/ssuoruro.gob.bo\/index.php\/wp-json\/wp\/v2\/media\/16967"}],"wp:attachment":[{"href":"https:\/\/ssuoruro.gob.bo\/index.php\/wp-json\/wp\/v2\/media?parent=321"}],"curies":[{"name":"wp","href":"https:\/\/api.w.org\/{rel}","templated":true}]}}